{"id":10,"date":"2021-05-13T05:31:27","date_gmt":"2021-05-13T05:31:27","guid":{"rendered":"https:\/\/czystemeblekrakow.pl\/?page_id=10"},"modified":"2023-09-30T14:40:48","modified_gmt":"2023-09-30T12:40:48","slug":"home","status":"publish","type":"page","link":"https:\/\/czystemeblekrakow.pl\/","title":{"rendered":"Home"},"content":{"rendered":"\n<div class=\"wp-block-uagb-container uagb-block-a64c87e6 alignfull uagb-is-root-container\"><div class=\"uagb-container-inner-blocks-wrap\">\n<div class=\"wp-block-uagb-container uagb-block-4b678153\">\n<div class=\"wp-block-uagb-info-box uagb-block-a6c85777 uagb-infobox__content-wrap  uagb-infobox-icon-above-title uagb-infobox-image-valign-top\"><div class=\"uagb-ifb-content\"><div class=\"uagb-ifb-title-wrap\"><h1 class=\"uagb-ifb-title\">Po co pra\u0107 tapicerk\u0119?<\/h1><\/div><p class=\"uagb-ifb-desc\">Czyszczenie mebli regularnie jest istotne z kilku powod\u00f3w. Po pierwsze i najwa\u017cniejsze, pomaga utrzyma\u0107 higien\u0119 w domu, usuwaj\u0105c drobnoustroje i alergeny, kt\u00f3re mog\u0105 si\u0119 gromadzi\u0107 na powierzchniach mebli. Po drugie, utrzymuje meble w dobrym stanie, eliminuj\u0105c kurz, brud i plamy, co mo\u017ce wp\u0142ywa\u0107 na ich trwa\u0142o\u015b\u0107 i wygl\u0105d. Ponadto, czyste meble sprawiaj\u0105, \u017ce ca\u0142e pomieszczenie wydaje si\u0119 bardziej przyjemne i estetyczne, wp\u0142ywaj\u0105c na og\u00f3lne wra\u017cenie i komfort w pomieszczeniu. Regularne czyszczenie tapicerki mo\u017ce tak\u017ce pom\u00f3c w zapobieganiu powstawaniu nieprzyjemnych zapach\u00f3w, kt\u00f3re mog\u0105 si\u0119 pojawi\u0107 w wyniku zalegaj\u0105cego brudu czy plam.<\/p><\/div><\/div>\n<\/div>\n\n\n\n<div class=\"wp-block-uagb-container uagb-block-0a63f4ae\">\n<div class=\"wp-block-uagb-image aligncenter uagb-block-c627c6a9 wp-block-uagb-image--layout-default wp-block-uagb-image--effect-static wp-block-uagb-image--align-center\"><figure class=\"wp-block-uagb-image__figure\"><img decoding=\"async\" srcset=\"https:\/\/czystemeblekrakow.pl\/wp-content\/uploads\/2023\/08\/image1.png \" sizes=\"auto, (max-width: 480px) 150px\" src=\"https:\/\/czystemeblekrakow.pl\/wp-content\/uploads\/2023\/08\/image1.png\" alt=\"\" class=\"uag-image-1148\" width=\"600\" height=\"700\" title=\"\" loading=\"lazy\"\/><\/figure><\/div>\n<\/div>\n<\/div><\/div>\n\n\n\n<div class=\"wp-block-uagb-container uagb-block-5da056a9 alignfull uagb-is-root-container\"><div class=\"uagb-container-inner-blocks-wrap\">\n<div class=\"wp-block-uagb-container uagb-block-ca6de54d\">\n<div class=\"wp-block-uagb-image alignleft uagb-block-37f4a15d wp-block-uagb-image--layout-default wp-block-uagb-image--effect-static wp-block-uagb-image--align-left\"><figure class=\"wp-block-uagb-image__figure\"><img decoding=\"async\" srcset=\"https:\/\/czystemeblekrakow.pl\/wp-content\/uploads\/2023\/08\/image2.png \" sizes=\"auto, (max-width: 480px) 150px\" src=\"https:\/\/czystemeblekrakow.pl\/wp-content\/uploads\/2023\/08\/image2.png\" alt=\"\" class=\"uag-image-1149\" width=\"600\" height=\"742\" title=\"\" loading=\"lazy\"\/><\/figure><\/div>\n<\/div>\n\n\n\n<div class=\"wp-block-uagb-container uagb-block-1b2bd1c3\">\n<div class=\"wp-block-uagb-advanced-heading uagb-block-3999999c\"><h5 class=\"uagb-heading-text\">O firmie <\/h5><\/div>\n\n\n\n<div class=\"wp-block-uagb-info-box uagb-block-134b67db uagb-infobox__content-wrap  uagb-infobox-icon-above-title uagb-infobox-image-valign-top\"><div class=\"uagb-ifb-content\"><div class=\"uagb-ifb-title-wrap\"><h2 class=\"uagb-ifb-title\">TAPEX<\/h2><\/div><p class=\"uagb-ifb-desc\">Jeste\u015bmy profesjonaln\u0105 firm\u0105 specjalizuj\u0105c\u0105 si\u0119 w praniu tapicerki meblowej. Naszym celem jest przywr\u00f3cenie \u015bwie\u017co\u015bci i czysto\u015bci meblom, aby domownicy mogli cieszy\u0107 si\u0119 pi\u0119knem i komfortem swojego wn\u0119trza. Dzia\u0142amy w bran\u017cy od kilku lat, co pozwoli\u0142o nam zdoby\u0107 niezb\u0119dne do\u015bwiadczenie i wiedz\u0119 w zakresie prania r\u00f3\u017cnego rodzaju tapicerek. Niezale\u017cnie od tego, czy to jest kanapa, fotele, krzes\u0142a czy inne meble tapicerowane, mo\u017cna nam zaufa\u0107, \u017ce zadbamy o ich czysto\u015b\u0107, oraz zrobimy wszystko co w naszej mocy, aby przywr\u00f3ci\u0107 im dawny blask.<\/p><div class=\"uagb-ifb-button-wrapper wp-block-button\"><a href=\"\/?page_id=11\" class=\"uagb-infobox-cta-link wp-block-button__link\" target=\"_self\" rel=\"noopener noreferrer\" onclick=\"return true;\" alt=\"\"><span class=\"uagb-inline-editing\">Wi\u0119cej o nas<\/span><svg xmlns=\"https:\/\/www.w3.org\/2000\/svg\" viewBox=\"0 0 448 512\"><path d=\"M438.6 278.6l-160 160C272.4 444.9 264.2 448 256 448s-16.38-3.125-22.62-9.375c-12.5-12.5-12.5-32.75 0-45.25L338.8 288H32C14.33 288 .0016 273.7 .0016 256S14.33 224 32 224h306.8l-105.4-105.4c-12.5-12.5-12.5-32.75 0-45.25s32.75-12.5 45.25 0l160 160C451.1 245.9 451.1 266.1 438.6 278.6z\"><\/path><\/svg><\/a><\/div><\/div><\/div>\n<\/div>\n<\/div><\/div>\n\n\n\n<div class=\"wp-block-uagb-container uagb-block-6c846184 alignfull uagb-is-root-container\"><div class=\"uagb-container-inner-blocks-wrap\">\n<div class=\"wp-block-uagb-advanced-heading uagb-block-4cf4206b\"><h2 class=\"uagb-heading-text\">Jak dzia\u0142amy?<\/h2><\/div>\n\n\n\n<div class=\"wp-block-uagb-container uagb-block-77ecd9d2\">\n<div class=\"wp-block-uagb-info-box uagb-block-e99e0b8b uagb-infobox__content-wrap  uagb-infobox-icon-above-title uagb-infobox-image-valign-top\"><div class=\"uagb-ifb-content\"><div class=\"uagb-ifb-image-content\"><img decoding=\"async\" src=\"https:\/\/czystemeblekrakow.pl\/wp-content\/uploads\/2023\/08\/image3.png\" alt=\"\" width=\"700\" height=\"500\" loading=\"lazy\"\/><\/div><div class=\"uagb-ifb-title-wrap\"><h4 class=\"uagb-ifb-title\">1. ZAM\u00d3WIENIE US\u0141UGI<\/h4><\/div><p class=\"uagb-ifb-desc\">Zadzwo\u0144 pod numer 691 449 797, zapytamy o przedmiot us\u0142ugi, stan zabrudzenia oraz wielko\u015b\u0107. Ustalimy dogodny termin oraz przybli\u017con\u0105 cen\u0119.  <\/p><\/div><\/div>\n\n\n\n<div class=\"wp-block-uagb-container uagb-block-19383627\">\n<div class=\"wp-block-uagb-container uagb-block-c5396c38\">\n<div class=\"wp-block-uagb-info-box uagb-block-bf29c787 uagb-infobox__content-wrap  uagb-infobox-icon-above-title uagb-infobox-image-valign-top\"><div class=\"uagb-ifb-content\"><div class=\"uagb-ifb-image-content\"><img decoding=\"async\" src=\"https:\/\/czystemeblekrakow.pl\/wp-content\/uploads\/2023\/09\/image5.png\" alt=\"\" width=\"700\" height=\"500\" loading=\"lazy\"\/><\/div><div class=\"uagb-ifb-title-wrap\"><h4 class=\"uagb-ifb-title\">2. PRANIE TAPICERKI<\/h4><\/div><p class=\"uagb-ifb-desc\">Na miejscu, po dok\u0142adnych ogl\u0119dzinach ustalamy dok\u0142adn\u0105 cen\u0119, zabezpieczamy pod\u0142og\u0119 i przyst\u0119pujemy do dzia\u0142ania. <\/p><\/div><\/div>\n<\/div>\n<\/div>\n\n\n\n<div class=\"wp-block-uagb-info-box uagb-block-89e5c9bc uagb-infobox__content-wrap  uagb-infobox-icon-above-title uagb-infobox-image-valign-top\"><div class=\"uagb-ifb-content\"><div class=\"uagb-ifb-image-content\"><img decoding=\"async\" src=\"https:\/\/czystemeblekrakow.pl\/wp-content\/uploads\/2023\/08\/image4.png\" alt=\"\" width=\"700\" height=\"500\" loading=\"lazy\"\/><\/div><div class=\"uagb-ifb-title-wrap\"><h4 class=\"uagb-ifb-title\">3. P\u0141ATNO\u015a\u0106\u200b<\/h4><\/div><p class=\"uagb-ifb-desc\">Po zako\u0144czonej us\u0142udze. Przyjmujemy p\u0142atno\u015bci kart\u0105, got\u00f3wk\u0105 lub przelewem.<br>Wystawiamy faktury VAT.<\/p><\/div><\/div>\n<\/div>\n\n\n\n<div class=\"wp-block-uagb-buttons uagb-buttons__outer-wrap uagb-btn__default-btn uagb-btn-tablet__default-btn uagb-btn-mobile__default-btn uagb-block-5663d9f5\"><div class=\"uagb-buttons__wrap uagb-buttons-layout-wrap\">\n<div class=\"wp-block-uagb-buttons-child uagb-buttons__outer-wrap uagb-block-486cb819 wp-block-button\"><div class=\"uagb-button__wrapper\"><a class=\"uagb-buttons-repeater wp-block-button__link\" href=\"\/?page_id=12\" onclick=\"return true;\" rel=\"follow noopener\" target=\"_self\"><div class=\"uagb-button__link\">Cennik<\/div><span class=\"uagb-button__icon uagb-button__icon-position-after\"><svg xmlns=\"https:\/\/www.w3.org\/2000\/svg\" viewBox=\"0 0 448 512\"><path d=\"M438.6 278.6l-160 160C272.4 444.9 264.2 448 256 448s-16.38-3.125-22.62-9.375c-12.5-12.5-12.5-32.75 0-45.25L338.8 288H32C14.33 288 .0016 273.7 .0016 256S14.33 224 32 224h306.8l-105.4-105.4c-12.5-12.5-12.5-32.75 0-45.25s32.75-12.5 45.25 0l160 160C451.1 245.9 451.1 266.1 438.6 278.6z\"><\/path><\/svg><\/span><\/a><\/div><\/div>\n<\/div><\/div>\n<\/div><\/div>\n\n\n\n<div class=\"wp-block-uagb-container uagb-block-e7c94c1d alignfull uagb-is-root-container\"><div class=\"uagb-container-inner-blocks-wrap\"><\/div><\/div>\n\n\n\n<div class=\"wp-block-uagb-container uagb-block-6ec13355 alignfull uagb-is-root-container\"><div class=\"uagb-container-inner-blocks-wrap\">\n<div class=\"wp-block-uagb-advanced-heading uagb-block-e2281641\"><h2 class=\"uagb-heading-text\">Nasze prace<\/h2><\/div>\n\n\n\n<div class=\"wp-block-uagb-container uagb-block-d0cbc475\">\n<div class=\"wp-block-uagb-container uagb-block-25a62d76\">\n<div class=\"wp-block-uagb-image uagb-block-22b72b91 wp-block-uagb-image--layout-default wp-block-uagb-image--effect-static wp-block-uagb-image--align-none\"><figure class=\"wp-block-uagb-image__figure\"><img decoding=\"async\" srcset=\"https:\/\/czystemeblekrakow.pl\/wp-content\/uploads\/2023\/09\/image6-1024x682.jpeg ,https:\/\/czystemeblekrakow.pl\/wp-content\/uploads\/2023\/09\/image6-scaled.jpeg 780w, https:\/\/czystemeblekrakow.pl\/wp-content\/uploads\/2023\/09\/image6-scaled.jpeg 360w\" sizes=\"auto, (max-width: 480px) 150px\" src=\"https:\/\/czystemeblekrakow.pl\/wp-content\/uploads\/2023\/09\/image6-1024x682.jpeg\" alt=\"\" class=\"uag-image-1181\" width=\"400\" height=\"400\" title=\"\" loading=\"lazy\"\/><\/figure><\/div>\n\n\n\n<div class=\"wp-block-uagb-image uagb-block-a1482098 wp-block-uagb-image--layout-default wp-block-uagb-image--effect-static wp-block-uagb-image--align-none\"><figure class=\"wp-block-uagb-image__figure\"><img decoding=\"async\" srcset=\"https:\/\/czystemeblekrakow.pl\/wp-content\/uploads\/2023\/09\/image8-768x1024.jpeg ,https:\/\/czystemeblekrakow.pl\/wp-content\/uploads\/2023\/09\/image8-scaled.jpeg 780w, https:\/\/czystemeblekrakow.pl\/wp-content\/uploads\/2023\/09\/image8-scaled.jpeg 360w\" sizes=\"auto, (max-width: 480px) 150px\" src=\"https:\/\/czystemeblekrakow.pl\/wp-content\/uploads\/2023\/09\/image8-768x1024.jpeg\" alt=\"\" class=\"uag-image-1183\" width=\"300\" height=\"450\" title=\"\" loading=\"lazy\"\/><\/figure><\/div>\n\n\n\n<figure class=\"wp-block-image size-full\"><img loading=\"lazy\" decoding=\"async\" width=\"700\" height=\"525\" src=\"https:\/\/czystemeblekrakow.pl\/wp-content\/uploads\/2023\/09\/image24.png\" alt=\"\" class=\"wp-image-1212\" srcset=\"https:\/\/czystemeblekrakow.pl\/wp-content\/uploads\/2023\/09\/image24.png 700w, https:\/\/czystemeblekrakow.pl\/wp-content\/uploads\/2023\/09\/image24-300x225.png 300w\" sizes=\"auto, (max-width: 700px) 100vw, 700px\" \/><\/figure>\n<\/div>\n\n\n\n<div class=\"wp-block-uagb-container uagb-block-d514ec36\">\n<div class=\"wp-block-uagb-image uagb-block-21162168 wp-block-uagb-image--layout-default wp-block-uagb-image--effect-static wp-block-uagb-image--align-none\"><figure class=\"wp-block-uagb-image__figure\"><img decoding=\"async\" srcset=\"https:\/\/czystemeblekrakow.pl\/wp-content\/uploads\/2023\/09\/image18.png ,https:\/\/czystemeblekrakow.pl\/wp-content\/uploads\/2023\/09\/image18.png 780w, https:\/\/czystemeblekrakow.pl\/wp-content\/uploads\/2023\/09\/image18.png 360w\" sizes=\"auto, (max-width: 480px) 150px\" src=\"https:\/\/czystemeblekrakow.pl\/wp-content\/uploads\/2023\/09\/image18.png\" alt=\"\" class=\"uag-image-1205\" width=\"300\" height=\"450\" title=\"\" loading=\"lazy\"\/><\/figure><\/div>\n\n\n\n<div class=\"wp-block-uagb-image uagb-block-46fe42a3 wp-block-uagb-image--layout-default wp-block-uagb-image--effect-static wp-block-uagb-image--align-none\"><figure class=\"wp-block-uagb-image__figure\"><img decoding=\"async\" srcset=\"https:\/\/czystemeblekrakow.pl\/wp-content\/uploads\/2023\/09\/image23.png ,https:\/\/czystemeblekrakow.pl\/wp-content\/uploads\/2023\/09\/image23.png 780w, https:\/\/czystemeblekrakow.pl\/wp-content\/uploads\/2023\/09\/image23.png 360w\" sizes=\"auto, (max-width: 480px) 150px\" src=\"https:\/\/czystemeblekrakow.pl\/wp-content\/uploads\/2023\/09\/image23.png\" alt=\"\" class=\"uag-image-1211\" width=\"700\" height=\"500\" title=\"\" loading=\"lazy\"\/><\/figure><\/div>\n\n\n\n<div class=\"wp-block-uagb-image uagb-block-a25e867f wp-block-uagb-image--layout-default wp-block-uagb-image--effect-static wp-block-uagb-image--align-none\"><figure class=\"wp-block-uagb-image__figure\"><img decoding=\"async\" srcset=\"https:\/\/czystemeblekrakow.pl\/wp-content\/uploads\/2023\/09\/image22.png ,https:\/\/czystemeblekrakow.pl\/wp-content\/uploads\/2023\/09\/image22.png 780w, https:\/\/czystemeblekrakow.pl\/wp-content\/uploads\/2023\/09\/image22.png 360w\" sizes=\"auto, (max-width: 480px) 150px\" src=\"https:\/\/czystemeblekrakow.pl\/wp-content\/uploads\/2023\/09\/image22.png\" alt=\"\" class=\"uag-image-1210\" width=\"700\" height=\"500\" title=\"\" loading=\"lazy\"\/><\/figure><\/div>\n<\/div>\n\n\n\n<div class=\"wp-block-uagb-container uagb-block-49db8d84\">\n<div class=\"wp-block-uagb-image uagb-block-55d52c39 wp-block-uagb-image--layout-default wp-block-uagb-image--effect-static wp-block-uagb-image--align-none\"><figure class=\"wp-block-uagb-image__figure\"><img decoding=\"async\" srcset=\"https:\/\/czystemeblekrakow.pl\/wp-content\/uploads\/2023\/09\/image19.png ,https:\/\/czystemeblekrakow.pl\/wp-content\/uploads\/2023\/09\/image19.png 780w, https:\/\/czystemeblekrakow.pl\/wp-content\/uploads\/2023\/09\/image19.png 360w\" sizes=\"auto, (max-width: 480px) 150px\" src=\"https:\/\/czystemeblekrakow.pl\/wp-content\/uploads\/2023\/09\/image19.png\" alt=\"\" class=\"uag-image-1207\" width=\"280\" height=\"373\" title=\"\" loading=\"lazy\"\/><\/figure><\/div>\n\n\n\n<div class=\"wp-block-uagb-image uagb-block-d9f2348e wp-block-uagb-image--layout-default wp-block-uagb-image--effect-static wp-block-uagb-image--align-none\"><figure class=\"wp-block-uagb-image__figure\"><img decoding=\"async\" srcset=\"https:\/\/czystemeblekrakow.pl\/wp-content\/uploads\/2023\/09\/image20.png ,https:\/\/czystemeblekrakow.pl\/wp-content\/uploads\/2023\/09\/image20.png 780w, https:\/\/czystemeblekrakow.pl\/wp-content\/uploads\/2023\/09\/image20.png 360w\" sizes=\"auto, (max-width: 480px) 150px\" src=\"https:\/\/czystemeblekrakow.pl\/wp-content\/uploads\/2023\/09\/image20.png\" alt=\"\" class=\"uag-image-1208\" width=\"300\" height=\"450\" title=\"\" loading=\"lazy\"\/><\/figure><\/div>\n<\/div>\n\n\n\n<div class=\"wp-block-uagb-container uagb-block-091e486a\">\n<div class=\"wp-block-uagb-image uagb-block-29f51e4f wp-block-uagb-image--layout-default wp-block-uagb-image--effect-static wp-block-uagb-image--align-none\"><figure class=\"wp-block-uagb-image__figure\"><img decoding=\"async\" srcset=\"https:\/\/czystemeblekrakow.pl\/wp-content\/uploads\/2023\/09\/image7-1024x731.jpg ,https:\/\/czystemeblekrakow.pl\/wp-content\/uploads\/2023\/09\/image7-scaled.jpg 780w, https:\/\/czystemeblekrakow.pl\/wp-content\/uploads\/2023\/09\/image7-scaled.jpg 360w\" sizes=\"auto, (max-width: 480px) 150px\" src=\"https:\/\/czystemeblekrakow.pl\/wp-content\/uploads\/2023\/09\/image7-1024x731.jpg\" alt=\"\" class=\"uag-image-1182\" width=\"960\" height=\"640\" title=\"\" loading=\"lazy\"\/><\/figure><\/div>\n\n\n\n<div class=\"wp-block-uagb-image uagb-block-fc354d46 wp-block-uagb-image--layout-default wp-block-uagb-image--effect-static wp-block-uagb-image--align-none\"><figure class=\"wp-block-uagb-image__figure\"><img decoding=\"async\" srcset=\"https:\/\/czystemeblekrakow.pl\/wp-content\/uploads\/2023\/09\/image21.png ,https:\/\/czystemeblekrakow.pl\/wp-content\/uploads\/2023\/09\/image21.png 780w, https:\/\/czystemeblekrakow.pl\/wp-content\/uploads\/2023\/09\/image21.png 360w\" sizes=\"auto, (max-width: 480px) 150px\" src=\"https:\/\/czystemeblekrakow.pl\/wp-content\/uploads\/2023\/09\/image21.png\" alt=\"\" class=\"uag-image-1209\" width=\"400\" height=\"400\" title=\"\" loading=\"lazy\"\/><\/figure><\/div>\n\n\n\n<div class=\"wp-block-uagb-image uagb-block-84daa8a4 wp-block-uagb-image--layout-default wp-block-uagb-image--effect-static wp-block-uagb-image--align-none\"><figure class=\"wp-block-uagb-image__figure\"><img decoding=\"async\" srcset=\"https:\/\/czystemeblekrakow.pl\/wp-content\/uploads\/2023\/09\/image12.png ,https:\/\/czystemeblekrakow.pl\/wp-content\/uploads\/2023\/09\/image12.png 780w, https:\/\/czystemeblekrakow.pl\/wp-content\/uploads\/2023\/09\/image12.png 360w\" sizes=\"auto, (max-width: 480px) 150px\" src=\"https:\/\/czystemeblekrakow.pl\/wp-content\/uploads\/2023\/09\/image12.png\" alt=\"\" class=\"uag-image-1197\" width=\"700\" height=\"500\" title=\"\" loading=\"lazy\"\/><\/figure><\/div>\n<\/div>\n<\/div>\n<\/div><\/div>\n\n\n\n<div class=\"wp-block-uagb-container uagb-block-abfd18c6 alignfull uagb-is-root-container\"><div class=\"uagb-container-inner-blocks-wrap\">\n<div class=\"wp-block-uagb-container uagb-block-bd568479\">\n<div class=\"wp-block-uagb-image uagb-block-f244ba4e wp-block-uagb-image--layout-default wp-block-uagb-image--effect-static wp-block-uagb-image--align-none\"><figure class=\"wp-block-uagb-image__figure\"><img decoding=\"async\" srcset=\"https:\/\/czystemeblekrakow.pl\/wp-content\/uploads\/2023\/08\/image14.jpg \" sizes=\"auto, (max-width: 480px) 150px\" src=\"https:\/\/czystemeblekrakow.pl\/wp-content\/uploads\/2023\/08\/image14.jpg\" alt=\"\" class=\"uag-image-1156\" width=\"700\" height=\"500\" title=\"\" loading=\"lazy\"\/><\/figure><\/div>\n<\/div>\n\n\n\n<div class=\"wp-block-uagb-container uagb-block-5f3ea7f1\">\n<div class=\"wp-block-uagb-info-box uagb-block-40137e4d uagb-infobox__content-wrap  uagb-infobox-icon-above-title uagb-infobox-image-valign-top\"><div class=\"uagb-ifb-content\"><div class=\"uagb-ifb-title-wrap\"><h2 class=\"uagb-ifb-title\">Zadzwo\u0144 ju\u017c dzi\u015b, ustalimy termin i uratujemy Twoje meble od plam, brudu i kurzu.<\/h2><\/div><div class=\"uagb-ifb-button-wrapper wp-block-button\"><a href=\"tel:+48713333222\" class=\"uagb-infobox-cta-link wp-block-button__link\" target=\"_self\" rel=\"noopener noreferrer\" onclick=\"return true;\" alt=\"\"><svg xmlns=\"https:\/\/www.w3.org\/2000\/svg\" viewBox=\"0 0 512 512\"><path d=\"M511.2 387l-23.25 100.8c-3.266 14.25-15.79 24.22-30.46 24.22C205.2 512 0 306.8 0 54.5c0-14.66 9.969-27.2 24.22-30.45l100.8-23.25C139.7-2.602 154.7 5.018 160.8 18.92l46.52 108.5c5.438 12.78 1.77 27.67-8.98 36.45L144.5 207.1c33.98 69.22 90.26 125.5 159.5 159.5l44.08-53.8c8.688-10.78 23.69-14.51 36.47-8.975l108.5 46.51C506.1 357.2 514.6 372.4 511.2 387z\"><\/path><\/svg><span class=\"uagb-inline-editing\">+48 691 449 797<\/span><\/a><\/div><\/div><\/div>\n<\/div>\n<\/div><\/div>\n","protected":false},"excerpt":{"rendered":"<p>O firmie Jak dzia\u0142amy? Nasze prace<\/p>\n","protected":false},"author":1,"featured_media":0,"parent":0,"menu_order":0,"comment_status":"closed","ping_status":"closed","template":"","meta":{"_uag_custom_page_level_css":"","site-sidebar-layout":"no-sidebar","site-content-layout":"plain-container","ast-site-content-layout":"normal-width-container","site-content-style":"unboxed","site-sidebar-style":"unboxed","ast-global-header-display":"","ast-banner-title-visibility":"","ast-main-header-display":"","ast-hfb-above-header-display":"","ast-hfb-below-header-display":"","ast-hfb-mobile-header-display":"","site-post-title":"disabled","ast-breadcrumbs-content":"","ast-featured-img":"","footer-sml-layout":"","theme-transparent-header-meta":"enabled","adv-header-id-meta":"","stick-header-meta":"","header-above-stick-meta":"","header-main-stick-meta":"","header-below-stick-meta":"","astra-migrate-meta-layouts":"set","_themeisle_gutenberg_block_has_review":false,"footnotes":""},"class_list":["post-10","page","type-page","status-publish","hentry"],"uagb_featured_image_src":{"full":false,"thumbnail":false,"medium":false,"medium_large":false,"large":false,"1536x1536":false,"2048x2048":false},"uagb_author_info":{"display_name":"admin-TnO8jDcn","author_link":"https:\/\/czystemeblekrakow.pl\/?author=1"},"uagb_comment_info":0,"uagb_excerpt":"O firmie Jak dzia\u0142amy? Nasze prace","_links":{"self":[{"href":"https:\/\/czystemeblekrakow.pl\/index.php?rest_route=\/wp\/v2\/pages\/10","targetHints":{"allow":["GET"]}}],"collection":[{"href":"https:\/\/czystemeblekrakow.pl\/index.php?rest_route=\/wp\/v2\/pages"}],"about":[{"href":"https:\/\/czystemeblekrakow.pl\/index.php?rest_route=\/wp\/v2\/types\/page"}],"author":[{"embeddable":true,"href":"https:\/\/czystemeblekrakow.pl\/index.php?rest_route=\/wp\/v2\/users\/1"}],"replies":[{"embeddable":true,"href":"https:\/\/czystemeblekrakow.pl\/index.php?rest_route=%2Fwp%2Fv2%2Fcomments&post=10"}],"version-history":[{"count":24,"href":"https:\/\/czystemeblekrakow.pl\/index.php?rest_route=\/wp\/v2\/pages\/10\/revisions"}],"predecessor-version":[{"id":1213,"href":"https:\/\/czystemeblekrakow.pl\/index.php?rest_route=\/wp\/v2\/pages\/10\/revisions\/1213"}],"wp:attachment":[{"href":"https:\/\/czystemeblekrakow.pl\/index.php?rest_route=%2Fwp%2Fv2%2Fmedia&parent=10"}],"curies":[{"name":"wp","href":"https:\/\/api.w.org\/{rel}","templated":true}]}}