{"id":11,"date":"2021-05-13T05:31:27","date_gmt":"2021-05-13T05:31:27","guid":{"rendered":"https:\/\/czystemeblekrakow.pl\/?page_id=11"},"modified":"2023-09-30T12:29:19","modified_gmt":"2023-09-30T10:29:19","slug":"about","status":"publish","type":"page","link":"https:\/\/czystemeblekrakow.pl\/?page_id=11","title":{"rendered":"About"},"content":{"rendered":"\n<div class=\"wp-block-uagb-container uagb-block-b4f2647d alignfull uagb-is-root-container\"><div class=\"uagb-container-inner-blocks-wrap\">\n<div class=\"wp-block-uagb-advanced-heading uagb-block-5d97c114\"><h1 class=\"uagb-heading-text\">O firmie<\/h1><p class=\"uagb-desc-text\">Nasza firma oferuje kompleksowe us\u0142ugi czyszczenia i od\u015bwie\u017cania tapicerki meblowej, dostosowane do indywidualnych potrzeb i rodzaju materia\u0142u. Wykorzystujemy najnowocze\u015bniejsze techniki i specjalistyczne \u015brodki czyszcz\u0105ce, aby skutecznie usuwa\u0107 zabrudzenia, plamy i nieprzyjemne zapachy.<\/p><\/div>\n<\/div><\/div>\n\n\n\n<div class=\"wp-block-uagb-container uagb-block-7755b957 default uagb-is-root-container\">\n<div class=\"wp-block-uagb-container uagb-block-e0deed63\">\n<div class=\"wp-block-group is-nowrap is-layout-flex wp-container-core-group-is-layout-1 wp-block-group-is-layout-flex\">\n<div class=\"wp-block-columns is-layout-flex wp-container-core-columns-is-layout-1 wp-block-columns-is-layout-flex\">\n<div class=\"wp-block-column is-layout-flow wp-block-column-is-layout-flow\" style=\"flex-basis:100%\">\n<figure class=\"wp-block-image size-full\"><img loading=\"lazy\" decoding=\"async\" width=\"756\" height=\"756\" src=\"https:\/\/czystemeblekrakow.pl\/wp-content\/uploads\/2023\/09\/image10.jpg\" alt=\"\" class=\"wp-image-1189\" srcset=\"https:\/\/czystemeblekrakow.pl\/wp-content\/uploads\/2023\/09\/image10.jpg 756w, https:\/\/czystemeblekrakow.pl\/wp-content\/uploads\/2023\/09\/image10-300x300.jpg 300w, https:\/\/czystemeblekrakow.pl\/wp-content\/uploads\/2023\/09\/image10-150x150.jpg 150w\" sizes=\"auto, (max-width: 756px) 100vw, 756px\" \/><\/figure>\n<\/div>\n<\/div>\n\n\n\n<div class=\"wp-block-columns is-layout-flex wp-container-core-columns-is-layout-2 wp-block-columns-is-layout-flex\">\n<div class=\"wp-block-column is-layout-flow wp-block-column-is-layout-flow\" style=\"flex-basis:100%\">\n<div class=\"wp-block-uagb-container uagb-block-3997c8c5 alignfull uagb-is-root-container\"><div class=\"uagb-container-inner-blocks-wrap\">\n<div class=\"wp-block-uagb-container uagb-block-75b754cf\">\n<div class=\"wp-block-uagb-advanced-heading uagb-block-638f0bd3\"><h3 class=\"uagb-heading-text\">Uratujemy twoj\u0105 zaplamion\u0105 kanap\u0119, fotel krzes\u0142o czy nawet materac<\/h3><p class=\"uagb-desc-text\">Dzi\u0119ki odpowiedniemu doborowi specjalistycznych \u015brodk\u00f3w chemicznych do danego rzodzaju tkanin oraz zabrudze\u0144 jeste\u015bmy w stanie odmienic wn\u0119trze mieszkania.<\/p><\/div>\n<\/div>\n<\/div><\/div>\n<\/div>\n<\/div>\n<\/div>\n<\/div>\n<\/div>\n\n\n\n<div class=\"wp-block-uagb-container uagb-block-ddadac3d alignfull uagb-is-root-container\"><div class=\"uagb-container-inner-blocks-wrap\">\n<div class=\"wp-block-uagb-container uagb-block-4f9dfc37\">\n<div class=\"wp-block-uagb-advanced-heading uagb-block-4307f923\"><h2 class=\"uagb-heading-text\">Dlaczego warto wybra\u0107 nas?<\/h2><\/div>\n\n\n\n<div class=\"wp-block-uagb-icon-list uagb-block-8afadf40\"><div class=\"uagb-icon-list__wrap\">\n<div class=\"wp-block-uagb-icon-list-child uagb-block-4c14f231\"><a target=\"_self\" aria-label=\"Profesjonalizm - dzi\u0119ki odbytym szkoleniom posiadamy wiedz\u0119 i umiej\u0119tno\u015bci, aby skutecznie i bezpiecznie pra\u0107 r\u00f3\u017cnego rodzaju tkaniny tapicerskie.\u00a0\" rel=\"noopener noreferrer\" href=\"#\"> <\/a><span class=\"uagb-icon-list__source-wrap\"><svg xmlns=\"https:\/\/www.w3.org\/2000\/svg\" viewBox=\"0 0 512 512\"><path d=\"M0 256C0 114.6 114.6 0 256 0C397.4 0 512 114.6 512 256C512 397.4 397.4 512 256 512C114.6 512 0 397.4 0 256zM371.8 211.8C382.7 200.9 382.7 183.1 371.8 172.2C360.9 161.3 343.1 161.3 332.2 172.2L224 280.4L179.8 236.2C168.9 225.3 151.1 225.3 140.2 236.2C129.3 247.1 129.3 264.9 140.2 275.8L204.2 339.8C215.1 350.7 232.9 350.7 243.8 339.8L371.8 211.8z\"><\/path><\/svg><\/span><span class=\"uagb-icon-list__label\">Profesjonalizm &#8211; dzi\u0119ki odbytym szkoleniom posiadamy wiedz\u0119 i umiej\u0119tno\u015bci, aby skutecznie i bezpiecznie pra\u0107 r\u00f3\u017cnego rodzaju tkaniny tapicerskie.\u00a0<\/span><\/div>\n\n\n\n<div class=\"wp-block-uagb-icon-list-child uagb-block-184e6b2e\"><a target=\"_self\" aria-label=\"Zaawansowane metody czyszczenia - wykorzystujemy nowoczesne technologie i wysokiej jako\u015bci \u015brodki czyszcz\u0105ce, kt\u00f3re s\u0105 skuteczne w usuwaniu plam, brudu, kurzu i nieprzyjemnych zapach\u00f3w z tapicerki.\" rel=\"noopener noreferrer\" href=\"#\"> <\/a><span class=\"uagb-icon-list__source-wrap\"><svg xmlns=\"https:\/\/www.w3.org\/2000\/svg\" viewBox=\"0 0 512 512\"><path d=\"M0 256C0 114.6 114.6 0 256 0C397.4 0 512 114.6 512 256C512 397.4 397.4 512 256 512C114.6 512 0 397.4 0 256zM371.8 211.8C382.7 200.9 382.7 183.1 371.8 172.2C360.9 161.3 343.1 161.3 332.2 172.2L224 280.4L179.8 236.2C168.9 225.3 151.1 225.3 140.2 236.2C129.3 247.1 129.3 264.9 140.2 275.8L204.2 339.8C215.1 350.7 232.9 350.7 243.8 339.8L371.8 211.8z\"><\/path><\/svg><\/span><span class=\"uagb-icon-list__label\">Zaawansowane metody czyszczenia &#8211; wykorzystujemy nowoczesne technologie i wysokiej jako\u015bci \u015brodki czyszcz\u0105ce, kt\u00f3re s\u0105 skuteczne w usuwaniu plam, brudu, kurzu i nieprzyjemnych zapach\u00f3w z tapicerki.<\/span><\/div>\n\n\n\n<div class=\"wp-block-uagb-icon-list-child uagb-block-8b7408d6\"><a target=\"_self\" aria-label=\"Indywidualne podej\u015bcie - rozumiemy, \u017ce ka\u017cdy mebel i jego tapicerka s\u0105 unikalne. Dlatego dostosowujemy nasze metody czyszczenia do specyfiki materia\u0142u i stopnia zabrudzenia, zapewniaj\u0105c najlepsze rezultaty.\" rel=\"noopener noreferrer\" href=\"#\"> <\/a><span class=\"uagb-icon-list__source-wrap\"><svg xmlns=\"https:\/\/www.w3.org\/2000\/svg\" viewBox=\"0 0 512 512\"><path d=\"M0 256C0 114.6 114.6 0 256 0C397.4 0 512 114.6 512 256C512 397.4 397.4 512 256 512C114.6 512 0 397.4 0 256zM371.8 211.8C382.7 200.9 382.7 183.1 371.8 172.2C360.9 161.3 343.1 161.3 332.2 172.2L224 280.4L179.8 236.2C168.9 225.3 151.1 225.3 140.2 236.2C129.3 247.1 129.3 264.9 140.2 275.8L204.2 339.8C215.1 350.7 232.9 350.7 243.8 339.8L371.8 211.8z\"><\/path><\/svg><\/span><span class=\"uagb-icon-list__label\">Indywidualne podej\u015bcie &#8211; rozumiemy, \u017ce ka\u017cdy mebel i jego tapicerka s\u0105 unikalne. Dlatego dostosowujemy nasze metody czyszczenia do specyfiki materia\u0142u i stopnia zabrudzenia, zapewniaj\u0105c najlepsze rezultaty.<\/span><\/div>\n\n\n\n<div class=\"wp-block-uagb-icon-list-child uagb-block-96fe1443\"><a target=\"_self\" aria-label=\"Szybka i niezawodna obs\u0142uga - stawiamy na terminowo\u015b\u0107 i efektywno\u015b\u0107. Staramy si\u0119 dostosowa\u0107 do Twoich preferencji.\" rel=\"noopener noreferrer\" href=\"#\"> <\/a><span class=\"uagb-icon-list__source-wrap\"><svg xmlns=\"https:\/\/www.w3.org\/2000\/svg\" viewBox=\"0 0 512 512\"><path d=\"M0 256C0 114.6 114.6 0 256 0C397.4 0 512 114.6 512 256C512 397.4 397.4 512 256 512C114.6 512 0 397.4 0 256zM371.8 211.8C382.7 200.9 382.7 183.1 371.8 172.2C360.9 161.3 343.1 161.3 332.2 172.2L224 280.4L179.8 236.2C168.9 225.3 151.1 225.3 140.2 236.2C129.3 247.1 129.3 264.9 140.2 275.8L204.2 339.8C215.1 350.7 232.9 350.7 243.8 339.8L371.8 211.8z\"><\/path><\/svg><\/span><span class=\"uagb-icon-list__label\">Szybka i niezawodna obs\u0142uga &#8211; stawiamy na terminowo\u015b\u0107 i efektywno\u015b\u0107. Staramy si\u0119 dostosowa\u0107 do Twoich preferencji.<\/span><\/div>\n\n\n\n<div class=\"wp-block-uagb-icon-list-child uagb-block-df2a6b45\"><a target=\"_self\" aria-label=\"Bezpieczna chemia - stosujemy nie szkodliw\u0105 chemi\u0119 dla dzieci, alergik\u00f3w oraz zwierz\u0105t.\" rel=\"noopener noreferrer\" href=\"#\"> <\/a><span class=\"uagb-icon-list__source-wrap\"><svg xmlns=\"https:\/\/www.w3.org\/2000\/svg\" viewBox=\"0 0 512 512\"><path d=\"M0 256C0 114.6 114.6 0 256 0C397.4 0 512 114.6 512 256C512 397.4 397.4 512 256 512C114.6 512 0 397.4 0 256zM371.8 211.8C382.7 200.9 382.7 183.1 371.8 172.2C360.9 161.3 343.1 161.3 332.2 172.2L224 280.4L179.8 236.2C168.9 225.3 151.1 225.3 140.2 236.2C129.3 247.1 129.3 264.9 140.2 275.8L204.2 339.8C215.1 350.7 232.9 350.7 243.8 339.8L371.8 211.8z\"><\/path><\/svg><\/span><span class=\"uagb-icon-list__label\">Bezpieczna chemia &#8211; stosujemy nie szkodliw\u0105 chemi\u0119 dla dzieci, alergik\u00f3w oraz zwierz\u0105t.<\/span><\/div>\n<\/div><\/div>\n<\/div>\n\n\n\n<div class=\"wp-block-uagb-container uagb-block-b6b5146b\">\n<div class=\"wp-block-uagb-image aligncenter uagb-block-03d269b5 wp-block-uagb-image--layout-default wp-block-uagb-image--effect-static wp-block-uagb-image--align-center\"><figure class=\"wp-block-uagb-image__figure\"><img decoding=\"async\" srcset=\"https:\/\/czystemeblekrakow.pl\/wp-content\/uploads\/2023\/08\/image13.png \" sizes=\"auto, (max-width: 480px) 150px\" src=\"https:\/\/czystemeblekrakow.pl\/wp-content\/uploads\/2023\/08\/image13.png\" alt=\"\" class=\"uag-image-1168\" width=\"960\" height=\"640\" title=\"\" loading=\"lazy\"\/><\/figure><\/div>\n<\/div>\n<\/div><\/div>\n\n\n\n<div class=\"wp-block-uagb-container uagb-block-1142f1d6 alignfull uagb-is-root-container\"><div class=\"uagb-container-inner-blocks-wrap\">\n<div class=\"wp-block-uagb-container uagb-block-6bc6e05c\">\n<div class=\"wp-block-uagb-image uagb-block-20fb3158 wp-block-uagb-image--layout-default wp-block-uagb-image--effect-static wp-block-uagb-image--align-none\"><figure class=\"wp-block-uagb-image__figure\"><img decoding=\"async\" srcset=\"https:\/\/czystemeblekrakow.pl\/wp-content\/uploads\/2023\/08\/image14.jpg \" sizes=\"auto, (max-width: 480px) 150px\" src=\"https:\/\/czystemeblekrakow.pl\/wp-content\/uploads\/2023\/08\/image14.jpg\" alt=\"\" class=\"uag-image-1156\" width=\"700\" height=\"500\" title=\"\" loading=\"lazy\"\/><\/figure><\/div>\n<\/div>\n\n\n\n<div class=\"wp-block-uagb-container uagb-block-f268b04d\">\n<div class=\"wp-block-uagb-info-box uagb-block-78fbbf2a uagb-infobox__content-wrap  uagb-infobox-icon-above-title uagb-infobox-image-valign-top\"><div class=\"uagb-ifb-content\"><div class=\"uagb-ifb-title-wrap\"><h2 class=\"uagb-ifb-title\">Zadzwo\u0144 ju\u017c dzi\u015b, ustalimy termin i uratujemy Twoje meble od plam, brudu i kurzu.<\/h2><\/div><div class=\"uagb-ifb-button-wrapper wp-block-button\"><a href=\"tel:+48713333222\" class=\"uagb-infobox-cta-link wp-block-button__link\" target=\"_self\" rel=\"noopener noreferrer\" onclick=\"return true;\" alt=\"\"><svg xmlns=\"https:\/\/www.w3.org\/2000\/svg\" viewBox=\"0 0 512 512\"><path d=\"M511.2 387l-23.25 100.8c-3.266 14.25-15.79 24.22-30.46 24.22C205.2 512 0 306.8 0 54.5c0-14.66 9.969-27.2 24.22-30.45l100.8-23.25C139.7-2.602 154.7 5.018 160.8 18.92l46.52 108.5c5.438 12.78 1.77 27.67-8.98 36.45L144.5 207.1c33.98 69.22 90.26 125.5 159.5 159.5l44.08-53.8c8.688-10.78 23.69-14.51 36.47-8.975l108.5 46.51C506.1 357.2 514.6 372.4 511.2 387z\"><\/path><\/svg><span class=\"uagb-inline-editing\">+48 691 449 797<\/span><\/a><\/div><\/div><\/div>\n<\/div>\n<\/div><\/div>\n","protected":false},"excerpt":{"rendered":"<p>O firmie Nasza firma oferuje kompleksowe us\u0142ugi czyszczenia i od\u015bwie\u017cania tapicerki meblowej, dostosowane do indywidualnych potrzeb i rodzaju materia\u0142u. Wykorzystujemy najnowocze\u015bniejsze techniki i specjalistyczne \u015brodki czyszcz\u0105ce, aby skutecznie usuwa\u0107 zabrudzenia, plamy i nieprzyjemne zapachy. Uratujemy twoj\u0105 zaplamion\u0105 kanap\u0119, fotel krzes\u0142o czy nawet materac Dzi\u0119ki odpowiedniemu doborowi specjalistycznych \u015brodk\u00f3w chemicznych do danego rzodzaju tkanin oraz zabrudze\u0144 &hellip;<\/p>\n<p class=\"read-more\"> <a class=\"\" href=\"https:\/\/czystemeblekrakow.pl\/?page_id=11\"> <span class=\"screen-reader-text\">About<\/span> Read More &raquo;<\/a><\/p>\n","protected":false},"author":1,"featured_media":0,"parent":0,"menu_order":0,"comment_status":"closed","ping_status":"closed","template":"","meta":{"_uag_custom_page_level_css":"","site-sidebar-layout":"no-sidebar","site-content-layout":"plain-container","ast-site-content-layout":"normal-width-container","site-content-style":"unboxed","site-sidebar-style":"unboxed","ast-global-header-display":"","ast-banner-title-visibility":"","ast-main-header-display":"","ast-hfb-above-header-display":"","ast-hfb-below-header-display":"","ast-hfb-mobile-header-display":"","site-post-title":"disabled","ast-breadcrumbs-content":"","ast-featured-img":"","footer-sml-layout":"","theme-transparent-header-meta":"enabled","adv-header-id-meta":"","stick-header-meta":"","header-above-stick-meta":"","header-main-stick-meta":"","header-below-stick-meta":"","astra-migrate-meta-layouts":"set","_themeisle_gutenberg_block_has_review":false,"footnotes":""},"class_list":["post-11","page","type-page","status-publish","hentry"],"uagb_featured_image_src":{"full":false,"thumbnail":false,"medium":false,"medium_large":false,"large":false,"1536x1536":false,"2048x2048":false},"uagb_author_info":{"display_name":"admin-TnO8jDcn","author_link":"https:\/\/czystemeblekrakow.pl\/?author=1"},"uagb_comment_info":0,"uagb_excerpt":"O firmie Nasza firma oferuje kompleksowe us\u0142ugi czyszczenia i od\u015bwie\u017cania tapicerki meblowej, dostosowane do indywidualnych potrzeb i rodzaju materia\u0142u. Wykorzystujemy najnowocze\u015bniejsze techniki i specjalistyczne \u015brodki czyszcz\u0105ce, aby skutecznie usuwa\u0107 zabrudzenia, plamy i nieprzyjemne zapachy. Uratujemy twoj\u0105 zaplamion\u0105 kanap\u0119, fotel krzes\u0142o czy nawet materac Dzi\u0119ki odpowiedniemu doborowi specjalistycznych \u015brodk\u00f3w chemicznych do danego rzodzaju tkanin oraz zabrudze\u0144&hellip;","_links":{"self":[{"href":"https:\/\/czystemeblekrakow.pl\/index.php?rest_route=\/wp\/v2\/pages\/11","targetHints":{"allow":["GET"]}}],"collection":[{"href":"https:\/\/czystemeblekrakow.pl\/index.php?rest_route=\/wp\/v2\/pages"}],"about":[{"href":"https:\/\/czystemeblekrakow.pl\/index.php?rest_route=\/wp\/v2\/types\/page"}],"author":[{"embeddable":true,"href":"https:\/\/czystemeblekrakow.pl\/index.php?rest_route=\/wp\/v2\/users\/1"}],"replies":[{"embeddable":true,"href":"https:\/\/czystemeblekrakow.pl\/index.php?rest_route=%2Fwp%2Fv2%2Fcomments&post=11"}],"version-history":[{"count":19,"href":"https:\/\/czystemeblekrakow.pl\/index.php?rest_route=\/wp\/v2\/pages\/11\/revisions"}],"predecessor-version":[{"id":1217,"href":"https:\/\/czystemeblekrakow.pl\/index.php?rest_route=\/wp\/v2\/pages\/11\/revisions\/1217"}],"wp:attachment":[{"href":"https:\/\/czystemeblekrakow.pl\/index.php?rest_route=%2Fwp%2Fv2%2Fmedia&parent=11"}],"curies":[{"name":"wp","href":"https:\/\/api.w.org\/{rel}","templated":true}]}}