{"id":12,"date":"2021-05-13T05:31:27","date_gmt":"2021-05-13T05:31:27","guid":{"rendered":"https:\/\/czystemeblekrakow.pl\/?page_id=12"},"modified":"2024-11-14T23:07:17","modified_gmt":"2024-11-14T22:07:17","slug":"services","status":"publish","type":"page","link":"https:\/\/czystemeblekrakow.pl\/?page_id=12","title":{"rendered":"Services"},"content":{"rendered":"\n<div class=\"wp-block-uagb-container uagb-block-96a682ad alignfull uagb-is-root-container\"><div class=\"uagb-container-inner-blocks-wrap\">\n<div class=\"wp-block-uagb-advanced-heading uagb-block-88980b97\"><h1 class=\"uagb-heading-text\">CENNIK<\/h1><\/div>\n<\/div><\/div>\n\n\n\n<div class=\"wp-block-uagb-container uagb-block-df6963d2 alignfull uagb-is-root-container\"><div class=\"uagb-container-inner-blocks-wrap\">\n<div class=\"wp-block-uagb-advanced-heading uagb-block-ffdf8798\"><h2 class=\"uagb-heading-text\">Cennik<\/h2><\/div>\n\n\n\n<div class=\"wp-block-uagb-container uagb-block-140bed5e\">\n<div class=\"wp-block-uagb-info-box uagb-block-55361da8 uagb-infobox__content-wrap  uagb-infobox-icon-above-title uagb-infobox-image-valign-top\"><div class=\"uagb-ifb-content\"><div class=\"uagb-ifb-image-content\"><img decoding=\"async\" src=\"https:\/\/czystemeblekrakow.pl\/wp-content\/uploads\/2023\/09\/image13.png\" alt=\"\" width=\"700\" height=\"500\" loading=\"lazy\"\/><\/div><div class=\"uagb-ifb-title-wrap\"><h4 class=\"uagb-ifb-title\">KRZES\u0141A<\/h4><\/div><p class=\"uagb-ifb-desc\">&#8211; siedzisko &#8211; 25 z\u0142<br>&#8211; siedzisko + oparcie &#8211; 35 z\u0142<br><\/p><\/div><\/div>\n\n\n\n<div class=\"wp-block-uagb-info-box uagb-block-71358273 uagb-infobox__content-wrap  uagb-infobox-icon-above-title uagb-infobox-image-valign-top\"><div class=\"uagb-ifb-content\"><div class=\"uagb-ifb-image-content\"><img decoding=\"async\" src=\"https:\/\/czystemeblekrakow.pl\/wp-content\/uploads\/2023\/09\/image12.png\" alt=\"\" width=\"700\" height=\"500\" loading=\"lazy\"\/><\/div><div class=\"uagb-ifb-title-wrap\"><h4 class=\"uagb-ifb-title\">FOTELE<\/h4><\/div><p class=\"uagb-ifb-desc\">&#8211; obrotowy\/biurowy &#8211; od 50 z\u0142<br>&#8211; wypoczynkowy &#8211; od 100 z\u0142<br>&#8211; z funkcj\u0105 spania &#8211; od 150 z\u0142<\/p><\/div><\/div>\n\n\n\n<div class=\"wp-block-uagb-info-box uagb-block-23a331dc uagb-infobox__content-wrap  uagb-infobox-icon-above-title uagb-infobox-image-valign-top\"><div class=\"uagb-ifb-content\"><div class=\"uagb-ifb-image-content\"><img decoding=\"async\" src=\"https:\/\/czystemeblekrakow.pl\/wp-content\/uploads\/2023\/09\/image14.png\" alt=\"\" width=\"700\" height=\"500\" loading=\"lazy\"\/><\/div><div class=\"uagb-ifb-title-wrap\"><h4 class=\"uagb-ifb-title\">WERSALKA <\/h4><\/div><p class=\"uagb-ifb-desc\">&#8211; wersalka &#8211; od 190 z\u0142<br>&#8211; tapczan &#8211; od 180 z\u0142<\/p><\/div><\/div>\n<\/div>\n\n\n\n<div class=\"wp-block-uagb-container uagb-block-470cd301\">\n<div class=\"wp-block-uagb-info-box uagb-block-89950765 uagb-infobox__content-wrap  uagb-infobox-icon-above-title uagb-infobox-image-valign-top\"><div class=\"uagb-ifb-content\"><div class=\"uagb-ifb-image-content\"><img decoding=\"async\" src=\"https:\/\/czystemeblekrakow.pl\/wp-content\/uploads\/2023\/09\/image15.png\" alt=\"\" width=\"700\" height=\"500\" loading=\"lazy\"\/><\/div><div class=\"uagb-ifb-title-wrap\"><h4 class=\"uagb-ifb-title\">SOFA<\/h4><\/div><p class=\"uagb-ifb-desc\">&#8211; dwuosobowa &#8211; od 220 z\u0142<br>&#8211; trzyosobowa &#8211; od 260 z\u0142<\/p><\/div><\/div>\n\n\n\n<div class=\"wp-block-uagb-info-box uagb-block-02dfc223 uagb-infobox__content-wrap  uagb-infobox-icon-above-title uagb-infobox-image-valign-top\"><div class=\"uagb-ifb-content\"><div class=\"uagb-ifb-image-content\"><img decoding=\"async\" src=\"https:\/\/czystemeblekrakow.pl\/wp-content\/uploads\/2023\/09\/image16.png\" alt=\"\" width=\"700\" height=\"500\" loading=\"lazy\"\/><\/div><div class=\"uagb-ifb-title-wrap\"><h4 class=\"uagb-ifb-title\">NARO\u017bNIK<\/h4><\/div><p class=\"uagb-ifb-desc\">&#8211; w kszta\u0142cie litery L &#8211; od 350 z\u0142<br>&#8211; w kszta\u0142cie litery U &#8211; od 400 z\u0142<br>&#8211; kuchenny &#8211; 190 z\u0142<\/p><\/div><\/div>\n\n\n\n<div class=\"wp-block-uagb-info-box uagb-block-9afef2c7 uagb-infobox__content-wrap  uagb-infobox-icon-above-title uagb-infobox-image-valign-top\"><div class=\"uagb-ifb-content\"><div class=\"uagb-ifb-image-content\"><img decoding=\"async\" src=\"https:\/\/czystemeblekrakow.pl\/wp-content\/uploads\/2023\/09\/image17.png\" alt=\"\" width=\"700\" height=\"500\" loading=\"lazy\"\/><\/div><div class=\"uagb-ifb-title-wrap\"><h4 class=\"uagb-ifb-title\">MATERACE<\/h4><\/div><p class=\"uagb-ifb-desc\">&#8211; jednoosobowy jednostronnie &#8211; 190 z\u0142<br>&#8211; jednoosobowy dwustronnie &#8211; 290 z\u0142<br>&#8211; dwuosobowy jednostronnie &#8211; 290 z\u0142<br>&#8211; dwuosobowy dwustronnie &#8211; 390 z\u0142<\/p><\/div><\/div>\n<\/div>\n<\/div><\/div>\n\n\n\n<div class=\"wp-block-uagb-container uagb-block-9135198f alignfull uagb-is-root-container\"><div class=\"uagb-container-inner-blocks-wrap\">\n<div class=\"wp-block-uagb-container uagb-block-f4d811bc\">\n<div class=\"wp-block-uagb-image uagb-block-97190af2 wp-block-uagb-image--layout-default wp-block-uagb-image--effect-static wp-block-uagb-image--align-none\"><figure class=\"wp-block-uagb-image__figure\"><img decoding=\"async\" srcset=\"https:\/\/czystemeblekrakow.pl\/wp-content\/uploads\/2023\/08\/image14.jpg \" sizes=\"auto, (max-width: 480px) 150px\" src=\"https:\/\/czystemeblekrakow.pl\/wp-content\/uploads\/2023\/08\/image14.jpg\" alt=\"\" class=\"uag-image-1156\" width=\"700\" height=\"500\" title=\"\" loading=\"lazy\" role=\"img\"\/><\/figure><\/div>\n<\/div>\n\n\n\n<div class=\"wp-block-uagb-container uagb-block-8a73c546\">\n<div class=\"wp-block-uagb-info-box uagb-block-ff48f2c3 uagb-infobox__content-wrap  uagb-infobox-icon-above-title uagb-infobox-image-valign-top\"><div class=\"uagb-ifb-content\"><div class=\"uagb-ifb-title-wrap\"><h2 class=\"uagb-ifb-title\">Zadzwo\u0144 ju\u017c dzi\u015b, ustalimy termin i uratujemy Twoje meble od plam, brudu i kurzu.<\/h2><\/div><div class=\"uagb-ifb-button-wrapper wp-block-button\"><a href=\"tel:+48713333222\" class=\"uagb-infobox-cta-link wp-block-button__link\" target=\"_self\" rel=\"noopener noreferrer\" onclick=\"return true;\"><svg xmlns=\"https:\/\/www.w3.org\/2000\/svg\" viewBox=\"0 0 512 512\"><path d=\"M511.2 387l-23.25 100.8c-3.266 14.25-15.79 24.22-30.46 24.22C205.2 512 0 306.8 0 54.5c0-14.66 9.969-27.2 24.22-30.45l100.8-23.25C139.7-2.602 154.7 5.018 160.8 18.92l46.52 108.5c5.438 12.78 1.77 27.67-8.98 36.45L144.5 207.1c33.98 69.22 90.26 125.5 159.5 159.5l44.08-53.8c8.688-10.78 23.69-14.51 36.47-8.975l108.5 46.51C506.1 357.2 514.6 372.4 511.2 387z\"><\/path><\/svg><span class=\"uagb-inline-editing\">+48 691 449 797<\/span><\/a><\/div><\/div><\/div>\n<\/div>\n<\/div><\/div>\n","protected":false},"excerpt":{"rendered":"<p>CENNIK Cennik KRZES\u0141A &#8211; siedzisko &#8211; 25 z\u0142&#8211; siedzisko + oparcie &#8211; 35 z\u0142 FOTELE &#8211; obrotowy\/biurowy &#8211; od 50 z\u0142&#8211; wypoczynkowy &#8211; od 100 z\u0142&#8211; z funkcj\u0105 spania &#8211; od 150 z\u0142 WERSALKA &#8211; wersalka &#8211; od 190 z\u0142&#8211; tapczan &#8211; od 180 z\u0142 SOFA &#8211; dwuosobowa &#8211; od 220 z\u0142&#8211; trzyosobowa &#8211; od &hellip;<\/p>\n<p class=\"read-more\"> <a class=\"\" href=\"https:\/\/czystemeblekrakow.pl\/?page_id=12\"> <span class=\"screen-reader-text\">Services<\/span> Read More &raquo;<\/a><\/p>\n","protected":false},"author":1,"featured_media":0,"parent":0,"menu_order":0,"comment_status":"closed","ping_status":"closed","template":"","meta":{"_uag_custom_page_level_css":"","site-sidebar-layout":"no-sidebar","site-content-layout":"plain-container","ast-site-content-layout":"normal-width-container","site-content-style":"unboxed","site-sidebar-style":"unboxed","ast-global-header-display":"","ast-banner-title-visibility":"","ast-main-header-display":"","ast-hfb-above-header-display":"","ast-hfb-below-header-display":"","ast-hfb-mobile-header-display":"","site-post-title":"disabled","ast-breadcrumbs-content":"","ast-featured-img":"","footer-sml-layout":"","theme-transparent-header-meta":"enabled","adv-header-id-meta":"","stick-header-meta":"","header-above-stick-meta":"","header-main-stick-meta":"","header-below-stick-meta":"","astra-migrate-meta-layouts":"set","_themeisle_gutenberg_block_has_review":false,"footnotes":""},"class_list":["post-12","page","type-page","status-publish","hentry"],"uagb_featured_image_src":{"full":false,"thumbnail":false,"medium":false,"medium_large":false,"large":false,"1536x1536":false,"2048x2048":false},"uagb_author_info":{"display_name":"admin-TnO8jDcn","author_link":"https:\/\/czystemeblekrakow.pl\/?author=1"},"uagb_comment_info":0,"uagb_excerpt":"CENNIK Cennik KRZES\u0141A &#8211; siedzisko &#8211; 25 z\u0142&#8211; siedzisko + oparcie &#8211; 35 z\u0142 FOTELE &#8211; obrotowy\/biurowy &#8211; od 50 z\u0142&#8211; wypoczynkowy &#8211; od 100 z\u0142&#8211; z funkcj\u0105 spania &#8211; od 150 z\u0142 WERSALKA &#8211; wersalka &#8211; od 190 z\u0142&#8211; tapczan &#8211; od 180 z\u0142 SOFA &#8211; dwuosobowa &#8211; od 220 z\u0142&#8211; trzyosobowa &#8211; od&hellip;","_links":{"self":[{"href":"https:\/\/czystemeblekrakow.pl\/index.php?rest_route=\/wp\/v2\/pages\/12","targetHints":{"allow":["GET"]}}],"collection":[{"href":"https:\/\/czystemeblekrakow.pl\/index.php?rest_route=\/wp\/v2\/pages"}],"about":[{"href":"https:\/\/czystemeblekrakow.pl\/index.php?rest_route=\/wp\/v2\/types\/page"}],"author":[{"embeddable":true,"href":"https:\/\/czystemeblekrakow.pl\/index.php?rest_route=\/wp\/v2\/users\/1"}],"replies":[{"embeddable":true,"href":"https:\/\/czystemeblekrakow.pl\/index.php?rest_route=%2Fwp%2Fv2%2Fcomments&post=12"}],"version-history":[{"count":14,"href":"https:\/\/czystemeblekrakow.pl\/index.php?rest_route=\/wp\/v2\/pages\/12\/revisions"}],"predecessor-version":[{"id":1222,"href":"https:\/\/czystemeblekrakow.pl\/index.php?rest_route=\/wp\/v2\/pages\/12\/revisions\/1222"}],"wp:attachment":[{"href":"https:\/\/czystemeblekrakow.pl\/index.php?rest_route=%2Fwp%2Fv2%2Fmedia&parent=12"}],"curies":[{"name":"wp","href":"https:\/\/api.w.org\/{rel}","templated":true}]}}