{"id":13,"date":"2021-05-13T05:31:27","date_gmt":"2021-05-13T05:31:27","guid":{"rendered":"https:\/\/czystemeblekrakow.pl\/?page_id=13"},"modified":"2023-08-07T17:57:43","modified_gmt":"2023-08-07T15:57:43","slug":"contact","status":"publish","type":"page","link":"https:\/\/czystemeblekrakow.pl\/?page_id=13","title":{"rendered":"Contact"},"content":{"rendered":"\n<div class=\"wp-block-uagb-container uagb-block-b3ba2680 alignfull uagb-is-root-container\"><div class=\"uagb-container-inner-blocks-wrap\">\n<div class=\"wp-block-uagb-advanced-heading uagb-block-a1f34df4\"><h1 class=\"uagb-heading-text\">Skontaktuj si\u0119 z nami<\/h1><\/div>\n<\/div><\/div>\n\n\n\n<div class=\"wp-block-uagb-container uagb-block-4e9bacba alignfull uagb-is-root-container\"><div class=\"uagb-container-inner-blocks-wrap\">\n<div class=\"wp-block-uagb-container uagb-block-9f36ee18\">\n<div class=\"wp-block-uagb-advanced-heading uagb-block-d1aae657\"><h5 class=\"uagb-heading-text\">Szukasz pomocy z brudnymi meblami?<\/h5><\/div>\n\n\n\n<div class=\"wp-block-uagb-advanced-heading uagb-block-44c03f13\"><h2 class=\"uagb-heading-text\">Zadzwo\u0144 lub napisz<\/h2><p class=\"uagb-desc-text\">Ustalimy dogodny termin i uratujemy twoj\u0105 tapicerk\u0119 od brudu, plam i kurzu.<\/p><\/div>\n<\/div>\n\n\n\n<div class=\"wp-block-uagb-container uagb-block-2394a439\">\n<div class=\"wp-block-uagb-advanced-heading uagb-block-f9cb4275\"><h3 class=\"uagb-heading-text\">Wy\u015blij wiadomo\u015b\u0107<\/h3><\/div>\n\n\n<div class=\"wpforms-container wpforms-block wpforms-block-b1006035-f35d-4bd0-8925-b66b3fa9c1b0\" id=\"wpforms-1043\"><form id=\"wpforms-form-1043\" class=\"wpforms-validate wpforms-form wpforms-ajax-form\" data-formid=\"1043\" method=\"post\" enctype=\"multipart\/form-data\" action=\"\/index.php?rest_route=%2Fwp%2Fv2%2Fpages%2F13\" data-token=\"bba804fd93a11a0652872bcc26cb5d3e\" data-token-time=\"1776598697\"><noscript class=\"wpforms-error-noscript\">Please enable JavaScript in your browser to complete this form.<\/noscript><div class=\"wpforms-field-container\"><div id=\"wpforms-1043-field_0-container\" class=\"wpforms-field wpforms-field-name\" data-field-id=\"0\"><label class=\"wpforms-field-label\" for=\"wpforms-1043-field_0\">Imi\u0119 i nazwisko <span class=\"wpforms-required-label\">*<\/span><\/label><input type=\"text\" id=\"wpforms-1043-field_0\" class=\"wpforms-field-medium wpforms-field-required\" name=\"wpforms[fields][0]\" required><\/div><div id=\"wpforms-1043-field_1-container\" class=\"wpforms-field wpforms-field-email\" data-field-id=\"1\"><label class=\"wpforms-field-label\" for=\"wpforms-1043-field_1\">E-mail <span class=\"wpforms-required-label\">*<\/span><\/label><input type=\"email\" id=\"wpforms-1043-field_1\" class=\"wpforms-field-medium wpforms-field-required\" name=\"wpforms[fields][1]\" spellcheck=\"false\" required><\/div><div id=\"wpforms-1043-field_2-container\" class=\"wpforms-field wpforms-field-textarea\" data-field-id=\"2\"><label class=\"wpforms-field-label\" for=\"wpforms-1043-field_2\">Komentarz lub wiadomo\u015b\u0107<\/label><textarea id=\"wpforms-1043-field_2\" class=\"wpforms-field-medium\" name=\"wpforms[fields][2]\" ><\/textarea><\/div><\/div><!-- .wpforms-field-container --><div class=\"wpforms-submit-container\" ><input type=\"hidden\" name=\"wpforms[id]\" value=\"1043\"><input type=\"hidden\" name=\"page_title\" value=\"\"><input type=\"hidden\" name=\"page_url\" value=\"https:\/\/czystemeblekrakow.pl\/index.php?rest_route=\/wp\/v2\/pages\/13\"><input type=\"hidden\" name=\"url_referer\" value=\"\"><button type=\"submit\" name=\"wpforms[submit]\" id=\"wpforms-submit-1043\" class=\"wpforms-submit\" data-alt-text=\"Wysy\u0142anie...\" data-submit-text=\"Prze\u015blij\" aria-live=\"assertive\" value=\"wpforms-submit\">Prze\u015blij<\/button><img loading=\"lazy\" decoding=\"async\" src=\"https:\/\/czystemeblekrakow.pl\/wp-content\/plugins\/wpforms-lite\/assets\/images\/submit-spin.svg\" class=\"wpforms-submit-spinner\" style=\"display: none;\" width=\"26\" height=\"26\" alt=\"Loading\"><\/div><\/form><\/div>  <!-- .wpforms-container --><\/div>\n<\/div><\/div>\n\n\n\n<div class=\"wp-block-uagb-container uagb-block-db006308 alignfull uagb-is-root-container\"><div class=\"uagb-container-inner-blocks-wrap\">\n<div class=\"wp-block-uagb-container uagb-block-661d6eff\">\n<div class=\"wp-block-uagb-image uagb-block-dcbfb16e wp-block-uagb-image--layout-default wp-block-uagb-image--effect-static wp-block-uagb-image--align-none\"><figure class=\"wp-block-uagb-image__figure\"><img decoding=\"async\" srcset=\"https:\/\/czystemeblekrakow.pl\/wp-content\/uploads\/2023\/08\/image14.jpg \" sizes=\"auto, (max-width: 480px) 150px\" src=\"https:\/\/czystemeblekrakow.pl\/wp-content\/uploads\/2023\/08\/image14.jpg\" alt=\"\" class=\"uag-image-1156\" width=\"700\" height=\"500\" title=\"\" loading=\"lazy\"\/><\/figure><\/div>\n<\/div>\n\n\n\n<div class=\"wp-block-uagb-container uagb-block-9a9df2df\">\n<div class=\"wp-block-uagb-info-box uagb-block-46a9c561 uagb-infobox__content-wrap  uagb-infobox-icon-above-title uagb-infobox-image-valign-top\"><div class=\"uagb-ifb-content\"><div class=\"uagb-ifb-title-wrap\"><h2 class=\"uagb-ifb-title\">Zadzwo\u0144 ju\u017c dzi\u015b, ustalimy termin i uratujemy Twoje meble od plam, brudu i kurzu.<\/h2><\/div><div class=\"uagb-ifb-button-wrapper wp-block-button\"><a href=\"tel:+48713333222\" class=\"uagb-infobox-cta-link wp-block-button__link\" target=\"_self\" rel=\"noopener noreferrer\" onclick=\"return true;\" alt=\"\"><svg xmlns=\"https:\/\/www.w3.org\/2000\/svg\" viewBox=\"0 0 512 512\"><path d=\"M511.2 387l-23.25 100.8c-3.266 14.25-15.79 24.22-30.46 24.22C205.2 512 0 306.8 0 54.5c0-14.66 9.969-27.2 24.22-30.45l100.8-23.25C139.7-2.602 154.7 5.018 160.8 18.92l46.52 108.5c5.438 12.78 1.77 27.67-8.98 36.45L144.5 207.1c33.98 69.22 90.26 125.5 159.5 159.5l44.08-53.8c8.688-10.78 23.69-14.51 36.47-8.975l108.5 46.51C506.1 357.2 514.6 372.4 511.2 387z\"><\/path><\/svg><span class=\"uagb-inline-editing\">+48 691 449 797<\/span><\/a><\/div><\/div><\/div>\n<\/div>\n<\/div><\/div>\n","protected":false},"excerpt":{"rendered":"<p>Skontaktuj si\u0119 z nami Szukasz pomocy z brudnymi meblami? Zadzwo\u0144 lub napisz Ustalimy dogodny termin i uratujemy twoj\u0105 tapicerk\u0119 od brudu, plam i kurzu. Wy\u015blij wiadomo\u015b\u0107<\/p>\n","protected":false},"author":1,"featured_media":0,"parent":0,"menu_order":0,"comment_status":"closed","ping_status":"closed","template":"","meta":{"_uag_custom_page_level_css":"","site-sidebar-layout":"no-sidebar","site-content-layout":"plain-container","ast-site-content-layout":"","site-content-style":"default","site-sidebar-style":"default","ast-global-header-display":"","ast-banner-title-visibility":"","ast-main-header-display":"","ast-hfb-above-header-display":"","ast-hfb-below-header-display":"","ast-hfb-mobile-header-display":"","site-post-title":"disabled","ast-breadcrumbs-content":"","ast-featured-img":"","footer-sml-layout":"","theme-transparent-header-meta":"enabled","adv-header-id-meta":"","stick-header-meta":"","header-above-stick-meta":"","header-main-stick-meta":"","header-below-stick-meta":"","astra-migrate-meta-layouts":"","_themeisle_gutenberg_block_has_review":false,"footnotes":""},"class_list":["post-13","page","type-page","status-publish","hentry"],"uagb_featured_image_src":{"full":false,"thumbnail":false,"medium":false,"medium_large":false,"large":false,"1536x1536":false,"2048x2048":false},"uagb_author_info":{"display_name":"admin-TnO8jDcn","author_link":"https:\/\/czystemeblekrakow.pl\/?author=1"},"uagb_comment_info":0,"uagb_excerpt":"Skontaktuj si\u0119 z nami Szukasz pomocy z brudnymi meblami? Zadzwo\u0144 lub napisz Ustalimy dogodny termin i uratujemy twoj\u0105 tapicerk\u0119 od brudu, plam i kurzu. Wy\u015blij wiadomo\u015b\u0107","_links":{"self":[{"href":"https:\/\/czystemeblekrakow.pl\/index.php?rest_route=\/wp\/v2\/pages\/13","targetHints":{"allow":["GET"]}}],"collection":[{"href":"https:\/\/czystemeblekrakow.pl\/index.php?rest_route=\/wp\/v2\/pages"}],"about":[{"href":"https:\/\/czystemeblekrakow.pl\/index.php?rest_route=\/wp\/v2\/types\/page"}],"author":[{"embeddable":true,"href":"https:\/\/czystemeblekrakow.pl\/index.php?rest_route=\/wp\/v2\/users\/1"}],"replies":[{"embeddable":true,"href":"https:\/\/czystemeblekrakow.pl\/index.php?rest_route=%2Fwp%2Fv2%2Fcomments&post=13"}],"version-history":[{"count":6,"href":"https:\/\/czystemeblekrakow.pl\/index.php?rest_route=\/wp\/v2\/pages\/13\/revisions"}],"predecessor-version":[{"id":1160,"href":"https:\/\/czystemeblekrakow.pl\/index.php?rest_route=\/wp\/v2\/pages\/13\/revisions\/1160"}],"wp:attachment":[{"href":"https:\/\/czystemeblekrakow.pl\/index.php?rest_route=%2Fwp%2Fv2%2Fmedia&parent=13"}],"curies":[{"name":"wp","href":"https:\/\/api.w.org\/{rel}","templated":true}]}}